{"id":17660,"date":"2024-12-24T12:49:59","date_gmt":"2024-12-24T12:49:59","guid":{"rendered":"https:\/\/easyhomecy.com\/?page_id=17660"},"modified":"2025-01-31T14:20:05","modified_gmt":"2025-01-31T14:20:05","slug":"hukuki-destek","status":"publish","type":"page","link":"https:\/\/easyhomecy.com\/index.php\/hukuki-destek\/","title":{"rendered":"Hukuki Destek"},"content":{"rendered":"\t\t<div data-elementor-type=\"wp-page\" data-elementor-id=\"17660\" class=\"elementor elementor-17660\" data-elementor-post-type=\"page\">\n\t\t\t\t<div class=\"elementor-element elementor-element-5fc10fe e-flex e-con-boxed e-con e-parent\" data-id=\"5fc10fe\" data-element_type=\"container\" data-e-type=\"container\">\n\t\t\t\t\t<div class=\"e-con-inner\">\n\t\t<div class=\"elementor-element elementor-element-93a600a e-con-full e-flex e-con e-child\" data-id=\"93a600a\" data-element_type=\"container\" data-e-type=\"container\">\n\t\t\t\t<div class=\"elementor-element elementor-element-5331233 elementor-widget elementor-widget-heading\" data-id=\"5331233\" data-element_type=\"widget\" data-e-type=\"widget\" data-widget_type=\"heading.default\">\n\t\t\t\t<div class=\"elementor-widget-container\">\n\t\t\t\t\t<h3 class=\"elementor-heading-title elementor-size-default\">Hukuki Destek<\/h3>\t\t\t\t<\/div>\n\t\t\t\t<\/div>\n\t\t\t\t<div class=\"elementor-element elementor-element-e6a39c4 elementor-widget__width-initial elementor-widget elementor-widget-houzez_elementor_section_title\" data-id=\"e6a39c4\" data-element_type=\"widget\" data-e-type=\"widget\" data-widget_type=\"houzez_elementor_section_title.default\">\n\t\t\t\t<div class=\"elementor-widget-container\">\n\t\t\t\t\t            <div class=\"houzez_section_title_wrap section-title-module\">\n                                    <h2 class=\"houzez_section_title\">Emlak \u0130\u015flemlerinizde G\u00fcvenli ve \u015eeffaf Hukuki \u00c7\u00f6z\u00fcmler<\/h2>\n                \n                                    <p class=\"houzez_section_subtitle\">Gayrimenkul al\u0131m, sat\u0131m ve kiralama s\u00fcre\u00e7leri, do\u011fru y\u00f6netilmesi gereken \u00f6nemli hukuki prosed\u00fcrleri i\u00e7erir. Easy Home Estates olarak, m\u00fc\u015fterilerimize tapu devri, s\u00f6zle\u015fmeler, yasal prosed\u00fcrler ve vergi d\u00fczenlemeleri gibi konularda hukuki dan\u0131\u015fmanl\u0131k sunarak g\u00fcvenli bir emlak i\u015flemi yapmalar\u0131n\u0131 sa\u011fl\u0131yoruz.\n\n<\/p>\n                            <\/div>\n            \t\t\t\t<\/div>\n\t\t\t\t<\/div>\n\t\t\t\t<\/div>\n\t\t<div class=\"elementor-element elementor-element-03f8236 e-con-full e-flex e-con e-child\" data-id=\"03f8236\" data-element_type=\"container\" data-e-type=\"container\" data-settings=\"{&quot;background_background&quot;:&quot;classic&quot;}\">\n\t\t\t\t<\/div>\n\t\t\t\t\t<\/div>\n\t\t\t\t<\/div>\n\t\t<div class=\"elementor-element elementor-element-b47dc2c e-flex e-con-boxed e-con e-parent\" data-id=\"b47dc2c\" data-element_type=\"container\" data-e-type=\"container\" data-settings=\"{&quot;background_background&quot;:&quot;classic&quot;}\">\n\t\t\t\t\t<div class=\"e-con-inner\">\n\t\t<div class=\"elementor-element elementor-element-a17ad77 e-con-full e-flex e-con e-child\" data-id=\"a17ad77\" data-element_type=\"container\" data-e-type=\"container\">\n\t\t\t\t<div class=\"elementor-element elementor-element-10afac0 elementor-widget__width-initial elementor-widget elementor-widget-houzez_elementor_section_title\" data-id=\"10afac0\" data-element_type=\"widget\" data-e-type=\"widget\" data-widget_type=\"houzez_elementor_section_title.default\">\n\t\t\t\t<div class=\"elementor-widget-container\">\n\t\t\t\t\t            <div class=\"houzez_section_title_wrap section-title-module\">\n                                    <h2 class=\"houzez_section_title\">Hukuki Destek Hizmetlerimiz<\/h2>\n                \n                            <\/div>\n            \t\t\t\t<\/div>\n\t\t\t\t<\/div>\n\t\t\t\t<div class=\"elementor-element elementor-element-3751e90 elementor-widget elementor-widget-text-editor\" data-id=\"3751e90\" data-element_type=\"widget\" data-e-type=\"widget\" data-widget_type=\"text-editor.default\">\n\t\t\t\t<div class=\"elementor-widget-container\">\n\t\t\t\t\t\t\t\t\t<p>\u2705 <strong>Tapu ve Devir \u0130\u015flemleri<\/strong><br \/>M\u00fclk sat\u0131n al\u0131rken tapu devri i\u015flemleri <strong>do\u011fru, eksiksiz ve g\u00fcvenli<\/strong> \u015fekilde tamamlanmal\u0131d\u0131r. <strong>Gerekli resmi belgeleri ve s\u00fcre\u00e7leri<\/strong> sizin i\u00e7in takip ediyoruz.<\/p><p>\u2705 <strong>S\u00f6zle\u015fme Haz\u0131rl\u0131\u011f\u0131 ve Dan\u0131\u015fmanl\u0131k<\/strong><br \/>Kira s\u00f6zle\u015fmeleri, sat\u0131\u015f anla\u015fmalar\u0131 ve yat\u0131r\u0131m projeleri i\u00e7in <strong>hukuki s\u00fcre\u00e7lere uygun s\u00f6zle\u015fmeler<\/strong> haz\u0131rl\u0131yor ve dan\u0131\u015fmanl\u0131k sa\u011fl\u0131yoruz.<\/p><p>\u2705 <strong>Yasal Risk Analizi<\/strong><br \/>Sat\u0131n almay\u0131 d\u00fc\u015f\u00fcnd\u00fc\u011f\u00fcn\u00fcz m\u00fclk\u00fcn <strong>tapu kayd\u0131, ge\u00e7mi\u015fi, imar durumu ve olas\u0131 risklerini<\/strong> inceliyoruz. B\u00f6ylece <strong>sorunsuz bir sat\u0131n alma s\u00fcreci<\/strong> sa\u011fl\u0131yoruz.<\/p><p>\u2705 <strong>Vergi &amp; Har\u00e7lar Bilgilendirme<\/strong><br \/>K\u0131br\u0131s\u2019ta gayrimenkul i\u015flemleriyle ilgili <strong>vergi y\u00fck\u00fcml\u00fcl\u00fckleri, tapu har\u00e7lar\u0131 ve yasal \u00f6demeler<\/strong> hakk\u0131nda bilgi veriyor, s\u00fcreci en uygun \u015fekilde tamamlaman\u0131za yard\u0131mc\u0131 oluyoruz.<\/p><p>\u2705 <strong>Yabanc\u0131 Yat\u0131r\u0131mc\u0131lar \u0130\u00e7in Hukuki S\u00fcre\u00e7 Y\u00f6netimi<\/strong><br \/>Kuzey K\u0131br\u0131s\u2019ta gayrimenkul sat\u0131n almak isteyen yabanc\u0131lar i\u00e7in, <strong>gerekli yasal izinler, m\u00fclk edinme prosed\u00fcrleri ve finansal d\u00fczenlemeler<\/strong> konusunda rehberlik sa\u011fl\u0131yoruz.<\/p><p>\ud83d\udcde <strong>Emlak i\u015flemlerinizde hukuki g\u00fcvence sa\u011flamak i\u00e7in bizimle ileti\u015fime ge\u00e7in!<\/strong><\/p>\t\t\t\t\t\t\t\t<\/div>\n\t\t\t\t<\/div>\n\t\t\t\t<\/div>\n\t\t\t\t\t<\/div>\n\t\t\t\t<\/div>\n\t\t\t\t<\/div>\n\t\t","protected":false},"excerpt":{"rendered":"<p>Hukuki Destek Emlak \u0130\u015flemlerinizde G\u00fcvenli ve \u015eeffaf Hukuki \u00c7\u00f6z\u00fcmler Gayrimenkul al\u0131m, sat\u0131m ve kiralama s\u00fcre\u00e7leri, do\u011fru y\u00f6netilmesi gereken \u00f6nemli hukuki prosed\u00fcrleri i\u00e7erir. Easy Home Estates olarak, m\u00fc\u015fterilerimize tapu devri, s\u00f6zle\u015fmeler, yasal prosed\u00fcrler ve vergi d\u00fczenlemeleri gibi konularda hukuki dan\u0131\u015fmanl\u0131k sunarak g\u00fcvenli bir emlak i\u015flemi yapmalar\u0131n\u0131 sa\u011fl\u0131yoruz. Hukuki Destek Hizmetlerimiz \u2705 Tapu ve Devir \u0130\u015flemleriM\u00fclk sat\u0131n [&hellip;]<\/p>\n","protected":false},"author":12,"featured_media":0,"parent":0,"menu_order":0,"comment_status":"closed","ping_status":"closed","template":"template\/template-homepage.php","meta":{"content-type":"","footnotes":""},"class_list":["post-17660","page","type-page","status-publish","hentry"],"_links":{"self":[{"href":"https:\/\/easyhomecy.com\/index.php\/wp-json\/wp\/v2\/pages\/17660","targetHints":{"allow":["GET"]}}],"collection":[{"href":"https:\/\/easyhomecy.com\/index.php\/wp-json\/wp\/v2\/pages"}],"about":[{"href":"https:\/\/easyhomecy.com\/index.php\/wp-json\/wp\/v2\/types\/page"}],"author":[{"embeddable":true,"href":"https:\/\/easyhomecy.com\/index.php\/wp-json\/wp\/v2\/users\/12"}],"replies":[{"embeddable":true,"href":"https:\/\/easyhomecy.com\/index.php\/wp-json\/wp\/v2\/comments?post=17660"}],"version-history":[{"count":5,"href":"https:\/\/easyhomecy.com\/index.php\/wp-json\/wp\/v2\/pages\/17660\/revisions"}],"predecessor-version":[{"id":18023,"href":"https:\/\/easyhomecy.com\/index.php\/wp-json\/wp\/v2\/pages\/17660\/revisions\/18023"}],"wp:attachment":[{"href":"https:\/\/easyhomecy.com\/index.php\/wp-json\/wp\/v2\/media?parent=17660"}],"curies":[{"name":"wp","href":"https:\/\/api.w.org\/{rel}","templated":true}]}}