{"id":17658,"date":"2024-12-24T12:49:31","date_gmt":"2024-12-24T12:49:31","guid":{"rendered":"https:\/\/easyhomecy.com\/?page_id=17658"},"modified":"2025-01-31T14:17:21","modified_gmt":"2025-01-31T14:17:21","slug":"satis-ve-kiralama-hizmetleri","status":"publish","type":"page","link":"https:\/\/easyhomecy.com\/index.php\/satis-ve-kiralama-hizmetleri\/","title":{"rendered":"Sat\u0131\u015f ve Kiralama Hizmetleri"},"content":{"rendered":"\t\t<div data-elementor-type=\"wp-page\" data-elementor-id=\"17658\" class=\"elementor elementor-17658\" data-elementor-post-type=\"page\">\n\t\t\t\t<div class=\"elementor-element elementor-element-38a058f e-flex e-con-boxed e-con e-parent\" data-id=\"38a058f\" data-element_type=\"container\" data-e-type=\"container\">\n\t\t\t\t\t<div class=\"e-con-inner\">\n\t\t<div class=\"elementor-element elementor-element-57de763 e-con-full e-flex e-con e-child\" data-id=\"57de763\" data-element_type=\"container\" data-e-type=\"container\">\n\t\t\t\t<div class=\"elementor-element elementor-element-033704d elementor-widget elementor-widget-heading\" data-id=\"033704d\" data-element_type=\"widget\" data-e-type=\"widget\" data-widget_type=\"heading.default\">\n\t\t\t\t<div class=\"elementor-widget-container\">\n\t\t\t\t\t<h3 class=\"elementor-heading-title elementor-size-default\">Sat\u0131\u015f ve Kiralama Hizmetleri<\/h3>\t\t\t\t<\/div>\n\t\t\t\t<\/div>\n\t\t\t\t<div class=\"elementor-element elementor-element-caea853 elementor-widget__width-initial elementor-widget elementor-widget-houzez_elementor_section_title\" data-id=\"caea853\" data-element_type=\"widget\" data-e-type=\"widget\" data-widget_type=\"houzez_elementor_section_title.default\">\n\t\t\t\t<div class=\"elementor-widget-container\">\n\t\t\t\t\t            <div class=\"houzez_section_title_wrap section-title-module\">\n                                    <h2 class=\"houzez_section_title\">Kuzey K\u0131br\u0131s\u2019ta Sat\u0131l\u0131k ve Kiral\u0131k M\u00fclkler \u0130\u00e7in G\u00fcvenilir \u00c7\u00f6z\u00fcmler<\/h2>\n                \n                                    <p class=\"houzez_section_subtitle\">Gayrimenkul sekt\u00f6r\u00fc, yaln\u0131zca bir yat\u0131r\u0131m arac\u0131 de\u011fil, ayn\u0131 zamanda ya\u015fam kalitenizi do\u011frudan etkileyen bir s\u00fcre\u00e7tir. Easy Home Estates, Kuzey K\u0131br\u0131s\u2019ta sat\u0131l\u0131k ve kiral\u0131k m\u00fclkler konusunda uzmanla\u015fm\u0131\u015f bir emlak firmas\u0131d\u0131r. Her b\u00fct\u00e7eye ve ihtiyaca uygun se\u00e7enekler sunarak, m\u00fc\u015fterilerimizin beklentilerini en iyi \u015fekilde kar\u015f\u0131lamay\u0131 hedefliyoruz.\n\n<\/p>\n                            <\/div>\n            \t\t\t\t<\/div>\n\t\t\t\t<\/div>\n\t\t\t\t<\/div>\n\t\t<div class=\"elementor-element elementor-element-135fbbb e-con-full e-flex e-con e-child\" data-id=\"135fbbb\" data-element_type=\"container\" data-e-type=\"container\" data-settings=\"{&quot;background_background&quot;:&quot;classic&quot;}\">\n\t\t\t\t<\/div>\n\t\t\t\t\t<\/div>\n\t\t\t\t<\/div>\n\t\t<div class=\"elementor-element elementor-element-eeb7978 e-flex e-con-boxed e-con e-parent\" data-id=\"eeb7978\" data-element_type=\"container\" data-e-type=\"container\" data-settings=\"{&quot;background_background&quot;:&quot;classic&quot;}\">\n\t\t\t\t\t<div class=\"e-con-inner\">\n\t\t<div class=\"elementor-element elementor-element-11b2488 e-con-full e-flex e-con e-child\" data-id=\"11b2488\" data-element_type=\"container\" data-e-type=\"container\">\n\t\t\t\t<div class=\"elementor-element elementor-element-0f3d45e elementor-widget__width-initial elementor-widget elementor-widget-houzez_elementor_section_title\" data-id=\"0f3d45e\" data-element_type=\"widget\" data-e-type=\"widget\" data-widget_type=\"houzez_elementor_section_title.default\">\n\t\t\t\t<div class=\"elementor-widget-container\">\n\t\t\t\t\t            <div class=\"houzez_section_title_wrap section-title-module\">\n                                    <h2 class=\"houzez_section_title\">Sat\u0131\u015f ve Kiralama Hizmetlerimiz<\/h2>\n                \n                            <\/div>\n            \t\t\t\t<\/div>\n\t\t\t\t<\/div>\n\t\t\t\t<div class=\"elementor-element elementor-element-327bb85 elementor-widget elementor-widget-text-editor\" data-id=\"327bb85\" data-element_type=\"widget\" data-e-type=\"widget\" data-widget_type=\"text-editor.default\">\n\t\t\t\t<div class=\"elementor-widget-container\">\n\t\t\t\t\t\t\t\t\t<p>\u2705 <strong>Sat\u0131l\u0131k Konutlar<\/strong><br \/><strong>Apartman daireleri, villalar, rezidanslar ve m\u00fcstakil evler<\/strong> dahil olmak \u00fczere, Kuzey K\u0131br\u0131s genelinde <strong>geni\u015f bir portf\u00f6ye sahibiz<\/strong>.<\/p><p>\u2705 <strong>Kiral\u0131k M\u00fclkler<\/strong><br \/>Uzun vadeli ve k\u0131sa vadeli kiral\u0131k konut ve ticari gayrimenkuller i\u00e7in <strong>en iyi se\u00e7enekleri sunuyoruz<\/strong>. Kiralama s\u00fcrecinde <strong>tapu i\u015flemleri, kira s\u00f6zle\u015fmesi haz\u0131rl\u0131\u011f\u0131 ve hukuki s\u00fcre\u00e7 y\u00f6netimi<\/strong> deste\u011fi veriyoruz.<\/p><p>\u2705 <strong>Ticari Gayrimenkuller<\/strong><br \/>K\u0131br\u0131s\u2019ta i\u015f kurmak veya geni\u015fletmek isteyenler i\u00e7in <strong>ofisler, ma\u011fazalar, oteller ve ticari projeler<\/strong> konusunda profesyonel destek sa\u011fl\u0131yoruz.<\/p><p>\u2705 <strong>Pazarlama &amp; Sat\u0131\u015f Stratejileri<\/strong><br \/>Sat\u0131\u015f ve kiralama s\u00fcrecinizi h\u0131zland\u0131rmak i\u00e7in, <strong>profesyonel foto\u011fraf \u00e7ekimi, dijital pazarlama ve ilan y\u00f6netimi<\/strong> hizmetleri sa\u011fl\u0131yoruz. M\u00fclk\u00fcn\u00fcz\u00fc en iyi \u015fekilde tan\u0131tarak, <strong>do\u011fru al\u0131c\u0131 veya kirac\u0131yla<\/strong> bulu\u015fturuyoruz.<\/p><p>\u2705 <strong>Kiralama S\u00fcre\u00e7 Y\u00f6netimi<\/strong><br \/>Ev sahipleri i\u00e7in, <strong>kirac\u0131 bulma, s\u00f6zle\u015fme haz\u0131rlama ve m\u00fclk y\u00f6netimi<\/strong> deste\u011fi sunuyoruz. Kirac\u0131lar\u0131n \u00f6demelerini takip ediyor, m\u00fclk\u00fcn\u00fcz\u00fc en iyi \u015fekilde de\u011ferlendirmenize yard\u0131mc\u0131 oluyoruz.<\/p><p>\ud83d\udcde <strong>Sat\u0131l\u0131k veya kiral\u0131k m\u00fclkler hakk\u0131nda bilgi almak i\u00e7in bizimle ileti\u015fime ge\u00e7in!<\/strong><\/p>\t\t\t\t\t\t\t\t<\/div>\n\t\t\t\t<\/div>\n\t\t\t\t<\/div>\n\t\t\t\t\t<\/div>\n\t\t\t\t<\/div>\n\t\t\t\t<\/div>\n\t\t","protected":false},"excerpt":{"rendered":"<p>Sat\u0131\u015f ve Kiralama Hizmetleri Kuzey K\u0131br\u0131s\u2019ta Sat\u0131l\u0131k ve Kiral\u0131k M\u00fclkler \u0130\u00e7in G\u00fcvenilir \u00c7\u00f6z\u00fcmler Gayrimenkul sekt\u00f6r\u00fc, yaln\u0131zca bir yat\u0131r\u0131m arac\u0131 de\u011fil, ayn\u0131 zamanda ya\u015fam kalitenizi do\u011frudan etkileyen bir s\u00fcre\u00e7tir. Easy Home Estates, Kuzey K\u0131br\u0131s\u2019ta sat\u0131l\u0131k ve kiral\u0131k m\u00fclkler konusunda uzmanla\u015fm\u0131\u015f bir emlak firmas\u0131d\u0131r. Her b\u00fct\u00e7eye ve ihtiyaca uygun se\u00e7enekler sunarak, m\u00fc\u015fterilerimizin beklentilerini en iyi \u015fekilde kar\u015f\u0131lamay\u0131 [&hellip;]<\/p>\n","protected":false},"author":12,"featured_media":0,"parent":0,"menu_order":0,"comment_status":"closed","ping_status":"closed","template":"template\/template-homepage.php","meta":{"content-type":"","footnotes":""},"class_list":["post-17658","page","type-page","status-publish","hentry"],"_links":{"self":[{"href":"https:\/\/easyhomecy.com\/index.php\/wp-json\/wp\/v2\/pages\/17658","targetHints":{"allow":["GET"]}}],"collection":[{"href":"https:\/\/easyhomecy.com\/index.php\/wp-json\/wp\/v2\/pages"}],"about":[{"href":"https:\/\/easyhomecy.com\/index.php\/wp-json\/wp\/v2\/types\/page"}],"author":[{"embeddable":true,"href":"https:\/\/easyhomecy.com\/index.php\/wp-json\/wp\/v2\/users\/12"}],"replies":[{"embeddable":true,"href":"https:\/\/easyhomecy.com\/index.php\/wp-json\/wp\/v2\/comments?post=17658"}],"version-history":[{"count":5,"href":"https:\/\/easyhomecy.com\/index.php\/wp-json\/wp\/v2\/pages\/17658\/revisions"}],"predecessor-version":[{"id":18019,"href":"https:\/\/easyhomecy.com\/index.php\/wp-json\/wp\/v2\/pages\/17658\/revisions\/18019"}],"wp:attachment":[{"href":"https:\/\/easyhomecy.com\/index.php\/wp-json\/wp\/v2\/media?parent=17658"}],"curies":[{"name":"wp","href":"https:\/\/api.w.org\/{rel}","templated":true}]}}