{"id":17652,"date":"2025-01-02T14:26:26","date_gmt":"2025-01-02T14:26:26","guid":{"rendered":"https:\/\/easyhomecy.com\/?page_id=17652"},"modified":"2025-02-08T13:29:45","modified_gmt":"2025-02-08T13:29:45","slug":"panel-kullanim-kilavuzu","status":"publish","type":"page","link":"https:\/\/easyhomecy.com\/index.php\/panel-kullanim-kilavuzu\/","title":{"rendered":"Panel Kullan\u0131m K\u0131lavuzu"},"content":{"rendered":"\t\t<div data-elementor-type=\"wp-page\" data-elementor-id=\"17652\" class=\"elementor elementor-17652\" data-elementor-post-type=\"page\">\n\t\t\t\t<div class=\"elementor-element elementor-element-2ea6a6a e-flex e-con-boxed e-con e-parent\" data-id=\"2ea6a6a\" data-element_type=\"container\" data-e-type=\"container\" data-settings=\"{&quot;background_background&quot;:&quot;classic&quot;}\">\n\t\t\t\t\t<div class=\"e-con-inner\">\n\t\t<div class=\"elementor-element elementor-element-b622519 e-con-full e-flex e-con e-child\" data-id=\"b622519\" data-element_type=\"container\" data-e-type=\"container\">\n\t\t\t\t<div class=\"elementor-element elementor-element-b8ae5c4 elementor-widget elementor-widget-spacer\" data-id=\"b8ae5c4\" data-element_type=\"widget\" data-e-type=\"widget\" data-widget_type=\"spacer.default\">\n\t\t\t\t<div class=\"elementor-widget-container\">\n\t\t\t\t\t\t\t<div class=\"elementor-spacer\">\n\t\t\t<div class=\"elementor-spacer-inner\"><\/div>\n\t\t<\/div>\n\t\t\t\t\t\t<\/div>\n\t\t\t\t<\/div>\n\t\t\t\t<div class=\"elementor-element elementor-element-77d524f elementor-widget elementor-widget-text-editor\" data-id=\"77d524f\" data-element_type=\"widget\" data-e-type=\"widget\" data-widget_type=\"text-editor.default\">\n\t\t\t\t<div class=\"elementor-widget-container\">\n\t\t\t\t\t\t\t\t\t<h4><b>1. Ana Men\u00fc<\/b><\/h4>\n<p><span style=\"font-weight: 400;\">Panelin ana ekran\u0131nda kullan\u0131c\u0131y\u0131 \u015fu men\u00fc se\u00e7enekleri kar\u015f\u0131lar:<\/span><\/p>\n<ul>\n<li style=\"font-weight: 400;\" aria-level=\"1\"><b>Panel<\/b><span style=\"font-weight: 400;\">: Genel durum \u00f6zeti.<\/span><\/li>\n<li style=\"font-weight: 400;\" aria-level=\"1\"><b>Analiz<\/b><span style=\"font-weight: 400;\">: \u0130lan performans\u0131 ve istatistikler.<\/span><\/li>\n<li style=\"font-weight: 400;\" aria-level=\"1\"><b>\u0130lanlar<\/b><span style=\"font-weight: 400;\">: Mevcut ilanlar\u0131n listesi.<\/span><\/li>\n<li style=\"font-weight: 400;\" aria-level=\"1\"><b>\u0130lan Olu\u015ftur<\/b><span style=\"font-weight: 400;\">: Yeni ilan olu\u015fturma sayfas\u0131.<\/span><\/li>\n<li style=\"font-weight: 400;\" aria-level=\"1\"><b>Favoriler<\/b><span style=\"font-weight: 400;\">: Kullan\u0131c\u0131lar\u0131n favorilerine ekledikleri ilanlar.<\/span><\/li>\n<li style=\"font-weight: 400;\" aria-level=\"1\"><b>Kay\u0131tl\u0131 Aramalar<\/b><span style=\"font-weight: 400;\">: Daha \u00f6nce kaydedilmi\u015f arama kriterleri.<\/span><\/li>\n<li style=\"font-weight: 400;\" aria-level=\"1\"><b>Faturalar<\/b><span style=\"font-weight: 400;\">: \u00d6deme ve fatura bilgileri.<\/span><\/li>\n<li style=\"font-weight: 400;\" aria-level=\"1\"><b>Profilim<\/b><span style=\"font-weight: 400;\">: Kullan\u0131c\u0131 profili ve ayarlar\u0131.<\/span><\/li>\n<li style=\"font-weight: 400;\" aria-level=\"1\"><b>\u00c7\u0131k\u0131\u015f<\/b><span style=\"font-weight: 400;\">: Hesaptan \u00e7\u0131k\u0131\u015f yapma.<\/span><\/li>\n<\/ul>\n<h4><b>2. \u0130lan Olu\u015fturma Ad\u0131mlar\u0131<\/b><\/h4>\n<h5><b>Ad\u0131m 1: \u0130lan Bilgileri<\/b><\/h5>\n<ul>\n<li style=\"font-weight: 400;\" aria-level=\"1\"><b>Yazar<\/b><span style=\"font-weight: 400;\">: Kullan\u0131c\u0131 ad\u0131 otomatik atan\u0131r.<\/span><\/li>\n<li style=\"font-weight: 400;\" aria-level=\"1\"><b>A\u00e7\u0131klama<\/b><span style=\"font-weight: 400;\">: \u0130lanla ilgili detayl\u0131 bir a\u00e7\u0131klama girin.<\/span><\/li>\n<li style=\"font-weight: 400;\" aria-level=\"1\"><b>\u0130lan Ba\u015fl\u0131\u011f\u0131<\/b><span style=\"font-weight: 400;\">: Gayrimenkul\u00fcn ba\u015fl\u0131\u011f\u0131n\u0131 girin. <\/span><i><span style=\"font-weight: 400;\">(Zorunlu alan)<\/span><\/i><\/li>\n<li style=\"font-weight: 400;\" aria-level=\"1\"><b>\u0130\u00e7erik<\/b><span style=\"font-weight: 400;\">:<\/span>\n<ul>\n<li style=\"font-weight: 400;\" aria-level=\"2\"><span style=\"font-weight: 400;\">G\u00f6rseller veya metin ekleyin.<\/span><\/li>\n<li style=\"font-weight: 400;\" aria-level=\"2\"><span style=\"font-weight: 400;\">Paragraflar halinde detay ekleyebilirsiniz.<\/span><\/li>\n<\/ul>\n<\/li>\n<li style=\"font-weight: 400;\" aria-level=\"1\"><b>T\u00fcr, Durum ve Etiket<\/b><span style=\"font-weight: 400;\">:<\/span>\n<ul>\n<li style=\"font-weight: 400;\" aria-level=\"2\"><span style=\"font-weight: 400;\">\u0130lan\u0131n t\u00fcr\u00fcn\u00fc ve durumunu se\u00e7in (Sat\u0131l\u0131k, Kiral\u0131k vb.).<\/span><\/li>\n<li style=\"font-weight: 400;\" aria-level=\"2\"><span style=\"font-weight: 400;\">\u0130lgili etiketleri ekleyin (\u00d6rne\u011fin: &#8220;Yeni&#8221;, &#8220;Yat\u0131r\u0131m F\u0131rsat\u0131&#8221;).<\/span><\/li>\n<\/ul>\n<\/li>\n<li style=\"font-weight: 400;\" aria-level=\"1\"><b>Fiyat ve Ek \u00d6demeler<\/b><span style=\"font-weight: 400;\">:<\/span>\n<ul>\n<li style=\"font-weight: 400;\" aria-level=\"2\"><span style=\"font-weight: 400;\">Sat\u0131\u015f veya kira fiyat\u0131 girin. <\/span><i><span style=\"font-weight: 400;\">(Zorunlu alan)<\/span><\/i><\/li>\n<li style=\"font-weight: 400;\" aria-level=\"2\"><span style=\"font-weight: 400;\">\u0130kinci fiyat ve fiyat \u00f6ncesi\/sonras\u0131 a\u00e7\u0131klamalar\u0131 ekleyin.<\/span><\/li>\n<\/ul>\n<\/li>\n<\/ul>\n<h5><b>Ad\u0131m 2: Medya Ekleme<\/b><\/h5>\n<ul>\n<li style=\"font-weight: 400;\" aria-level=\"1\"><b>G\u00f6rseller<\/b><span style=\"font-weight: 400;\">:<\/span>\n<ul>\n<li style=\"font-weight: 400;\" aria-level=\"2\"><span style=\"font-weight: 400;\">Minimum boyut: 1440&#215;900 px.<\/span><\/li>\n<li style=\"font-weight: 400;\" aria-level=\"2\"><span style=\"font-weight: 400;\">S\u00fcr\u00fckle-b\u0131rak ile galeri olu\u015fturun.<\/span><\/li>\n<li style=\"font-weight: 400;\" aria-level=\"2\"><span style=\"font-weight: 400;\">Kapak g\u00f6rselini y\u0131ld\u0131z simgesi ile se\u00e7in.<\/span><\/li>\n<\/ul>\n<\/li>\n<li style=\"font-weight: 400;\" aria-level=\"1\"><b>Video<\/b><span style=\"font-weight: 400;\">:<\/span>\n<ul>\n<li style=\"font-weight: 400;\" aria-level=\"2\"><span style=\"font-weight: 400;\">YouTube, Vimeo gibi platformlardan video URL\u2019si ekleyin.<\/span><\/li>\n<\/ul>\n<\/li>\n<\/ul>\n<h5><b>Ad\u0131m 3: Detaylar<\/b><\/h5>\n<ul>\n<li style=\"font-weight: 400;\" aria-level=\"1\"><b>Odalar ve Banyo<\/b><span style=\"font-weight: 400;\">:<\/span>\n<ul>\n<li style=\"font-weight: 400;\" aria-level=\"2\"><span style=\"font-weight: 400;\">Oda ve banyo say\u0131s\u0131n\u0131 girin. <\/span><i><span style=\"font-weight: 400;\">(Yaln\u0131zca rakamlar)<\/span><\/i><\/li>\n<\/ul>\n<\/li>\n<li style=\"font-weight: 400;\" aria-level=\"1\"><b>Alan Boyutu<\/b><span style=\"font-weight: 400;\">:<\/span>\n<ul>\n<li style=\"font-weight: 400;\" aria-level=\"2\"><span style=\"font-weight: 400;\">Gayrimenkul\u00fcn ve arazi alan\u0131n\u0131 girin (m\u00b2 cinsinden).<\/span><\/li>\n<\/ul>\n<\/li>\n<li style=\"font-weight: 400;\" aria-level=\"1\"><b>Garaj ve Ek Detaylar<\/b><span style=\"font-weight: 400;\">:<\/span>\n<ul>\n<li style=\"font-weight: 400;\" aria-level=\"2\"><span style=\"font-weight: 400;\">Garaj say\u0131s\u0131, garaj boyutu ve in\u015faat y\u0131l\u0131 gibi bilgileri ekleyin.<\/span><\/li>\n<\/ul>\n<\/li>\n<li style=\"font-weight: 400;\" aria-level=\"1\"><b>Gayrimenkul Kimli\u011fi<\/b><span style=\"font-weight: 400;\">:<\/span>\n<ul>\n<li style=\"font-weight: 400;\" aria-level=\"2\"><span style=\"font-weight: 400;\">Sistem i\u00e7inde benzersiz bir kimlik belirleyin (\u00d6rne\u011fin: HZ-01).<\/span><\/li>\n<\/ul>\n<\/li>\n<\/ul>\n<h5><b>Ad\u0131m 4: \u00d6zellikler<\/b><\/h5>\n<ul>\n<li style=\"font-weight: 400;\" aria-level=\"1\"><span style=\"font-weight: 400;\">Haz\u0131r bir \u00f6zellik listesinden se\u00e7im yap\u0131n (\u00d6rne\u011fin: &#8220;Deniz Manzaras\u0131&#8221;, &#8220;Asans\u00f6r&#8221;, &#8220;Bah\u00e7e&#8221;).<\/span><\/li>\n<\/ul>\n<h5><b>Ad\u0131m 5: Konum Bilgileri<\/b><\/h5>\n<ul>\n<li style=\"font-weight: 400;\" aria-level=\"1\"><b>Adres<\/b><span style=\"font-weight: 400;\">: Gayrimenkul\u00fcn a\u00e7\u0131k adresini girin.<\/span><\/li>\n<li style=\"font-weight: 400;\" aria-level=\"1\"><b>Harita<\/b><span style=\"font-weight: 400;\">: Google Haritalar i\u011fnesini s\u00fcr\u00fckleyerek konumu belirleyin.<\/span><\/li>\n<li style=\"font-weight: 400;\" aria-level=\"1\"><b>Enlem ve Boylam<\/b><span style=\"font-weight: 400;\">: Manuel olarak koordinatlar\u0131 girin.<\/span><\/li>\n<\/ul>\n<h5><b>Ad\u0131m 6: 360\u00b0 Sanal Tur<\/b><\/h5>\n<ul>\n<li style=\"font-weight: 400;\" aria-level=\"1\"><span style=\"font-weight: 400;\">Sanal tur dosyalar\u0131n\u0131 y\u00fckleyin.<\/span><\/li>\n<\/ul>\n<h5><b>Ad\u0131m 7: Kat Planlar\u0131<\/b><\/h5>\n<ul>\n<li style=\"font-weight: 400;\" aria-level=\"1\"><b>Plan Ba\u015fl\u0131\u011f\u0131<\/b><span style=\"font-weight: 400;\">: Her kat i\u00e7in ba\u015fl\u0131k ekleyin.<\/span><\/li>\n<li style=\"font-weight: 400;\" aria-level=\"1\"><b>Odalar, Banyolar ve Fiyat<\/b><span style=\"font-weight: 400;\">:<\/span>\n<ul>\n<li style=\"font-weight: 400;\" aria-level=\"2\"><span style=\"font-weight: 400;\">Plan detaylar\u0131n\u0131 girin.<\/span><\/li>\n<\/ul>\n<\/li>\n<li style=\"font-weight: 400;\" aria-level=\"1\"><b>Plan G\u00f6rseli<\/b><span style=\"font-weight: 400;\">:<\/span>\n<ul>\n<li style=\"font-weight: 400;\" aria-level=\"2\"><span style=\"font-weight: 400;\">Minimum boyut: 800&#215;600 px.<\/span><\/li>\n<\/ul>\n<\/li>\n<li style=\"font-weight: 400;\" aria-level=\"1\"><b>Plan A\u00e7\u0131klamas\u0131<\/b><span style=\"font-weight: 400;\">: Kat plan\u0131n\u0131 a\u00e7\u0131klayan bilgiler ekleyin.<\/span><\/li>\n<\/ul>\n<h5><b>Ad\u0131m 8: Alt Listelemeler<\/b><\/h5>\n<ul>\n<li style=\"font-weight: 400;\" aria-level=\"1\"><b>Ba\u015fl\u0131k, Odalar, Banyolar<\/b><span style=\"font-weight: 400;\">:<\/span>\n<ul>\n<li style=\"font-weight: 400;\" aria-level=\"2\"><span style=\"font-weight: 400;\">Alt listelemeleri girin.<\/span><\/li>\n<\/ul>\n<\/li>\n<li style=\"font-weight: 400;\" aria-level=\"1\"><b>Gayrimenkul Boyutu ve Tipi<\/b><span style=\"font-weight: 400;\">: Alt gayrimenkul\u00fcn detaylar\u0131n\u0131 ekleyin.<\/span><\/li>\n<li style=\"font-weight: 400;\" aria-level=\"1\"><b>Uygun Tarih<\/b><span style=\"font-weight: 400;\">: Gayrimenkul\u00fcn uygun oldu\u011fu tarihi belirtin.<\/span><\/li>\n<\/ul>\n<h5><b>Ad\u0131m 9: \u0130leti\u015fim Bilgileri<\/b><\/h5>\n<ul>\n<li style=\"font-weight: 400;\" aria-level=\"1\"><b>Emlak Dan\u0131\u015fman\u0131 ve \u015eirket Bilgileri<\/b><span style=\"font-weight: 400;\">: \u0130lanla ilgili g\u00f6sterilecek bilgileri se\u00e7in.<\/span><\/li>\n<\/ul><i>Not: Bu ad\u0131mda Emlak Dan\u0131\u015fman\u0131 olarak i\u015faretleyip listeden ad\u0131n\u0131z\u0131 se\u00e7melisiniz. Aksi takdirde emlak acentesi ve emlak dan\u0131\u015fman\u0131 sayfalar\u0131nda ilan\u0131n\u0131z listelenmez.<br><\/i><ul>\n<\/ul>\n<h5><b>Ad\u0131m 10: \u00d6zel Not<\/b><\/h5>\n<ul>\n<li style=\"font-weight: 400;\" aria-level=\"1\"><span style=\"font-weight: 400;\">Gayrimenkulle ilgili sadece sizin g\u00f6rebilece\u011finiz \u00f6zel notlar ekleyin.<\/span><\/li>\n<\/ul>\n<h5><b>Ad\u0131m 11: Emlak Ayarlar\u0131<\/b><\/h5>\n<ul>\n<li style=\"font-weight: 400;\" aria-level=\"1\"><b>\u00d6ne \u00c7\u0131kar<\/b><span style=\"font-weight: 400;\">: Bu m\u00fclk\u00fc \u00f6ne \u00e7\u0131kan olarak i\u015faretleyin.<\/span><\/li>\n<li style=\"font-weight: 400;\" aria-level=\"1\"><b>Kullan\u0131c\u0131 Giri\u015fi Zorunlu<\/b><span style=\"font-weight: 400;\">: M\u00fclk\u00fc g\u00f6rmek i\u00e7in kullan\u0131c\u0131 giri\u015fini zorunlu hale getirin.<\/span><\/li>\n<li style=\"font-weight: 400;\" aria-level=\"1\"><b>Sorumluluk Reddi Beyan\u0131<\/b><span style=\"font-weight: 400;\">: Hukuki bir a\u00e7\u0131klama ekleyin.<\/span><\/li>\n<\/ul>\n<h5><b>Ad\u0131m 12: GDPR S\u00f6zle\u015fmesi<\/b><\/h5>\n<ul>\n<li style=\"font-weight: 400;\" aria-level=\"1\"><b>Ki\u015fisel Verilerin Korunmas\u0131 ve Gizlilik Politikas\u0131 (GDPR)<\/b><span style=\"font-weight: 400;\"> onay kutusunu ekleyin.<\/span><\/li>\n<\/ul>\n<h5><b>Ad\u0131m 12: &#8220;\u0130lan Olu\u015ftur&#8221; Ad\u0131mlar\u0131 Tamamland\u0131ktan Sonra<\/b><\/h5>\n<ul>\n<li style=\"font-weight: 400;\" aria-level=\"2\"><span style=\"font-weight: 400;\">Kullan\u0131c\u0131, t\u00fcm ilan bilgilerini girdikten ve &#8220;Sonraki&#8221; butonlar\u0131n\u0131 takip ederek gerekli bilgileri tamamlad\u0131ktan sonra, <\/span><b>&#8220;\u0130lan\u0131 Tamamla&#8221;<\/b><span style=\"font-weight: 400;\"> butonu eklenir.<\/span><\/li>\n<li style=\"font-weight: 400;\" aria-level=\"2\"><b>&#8220;\u0130lan\u0131 Tamamla&#8221; Butonu<\/b><span style=\"font-weight: 400;\">: Kullan\u0131c\u0131, bu butona t\u0131klad\u0131\u011f\u0131nda ilan taslak olarak kaydedilir ve &#8220;\u0130lanlar\u0131m&#8221; paneline y\u00f6nlendirilir.<\/span><\/li>\n<\/ul>\n<h3><b>\u0130lanlar\u0131m B\u00f6l\u00fcm\u00fcnde D\u00fczenleme ve Onaylama<\/b><\/h3>\n<ol>\n<li style=\"font-weight: 400;\" aria-level=\"1\"><b>&#8220;\u0130lanlar\u0131m&#8221; Paneli:<\/b>\n<ul>\n<li style=\"font-weight: 400;\" aria-level=\"2\"><span style=\"font-weight: 400;\">Kullan\u0131c\u0131, daha \u00f6nce olu\u015fturdu\u011fu ilanlar\u0131 <\/span><b>&#8220;\u0130lanlar\u0131m&#8221;<\/b><span style=\"font-weight: 400;\"> b\u00f6l\u00fcm\u00fcnde g\u00f6r\u00fcnt\u00fcler.<\/span><\/li>\n<li style=\"font-weight: 400;\" aria-level=\"2\"><b>Durumlar:<\/b>\n<ul>\n<li style=\"font-weight: 400;\" aria-level=\"3\"><b>Beklemede:<\/b><span style=\"font-weight: 400;\"> \u0130lan hen\u00fcz onaylanmam\u0131\u015f.<\/span><\/li>\n<li style=\"font-weight: 400;\" aria-level=\"3\"><b>Onayland\u0131:<\/b><span style=\"font-weight: 400;\"> \u0130lan yay\u0131nlanmaya haz\u0131r.<\/span><\/li>\n<\/ul>\n<\/li>\n<li style=\"font-weight: 400;\" aria-level=\"2\"><span style=\"font-weight: 400;\">Eylemler s\u00fctunundaki se\u00e7enekler:<\/span>\n<ul>\n<li style=\"font-weight: 400;\" aria-level=\"3\"><b>\u0130statistikleri G\u00f6r\u00fcnt\u00fcle<\/b><span style=\"font-weight: 400;\">: \u0130lan performans\u0131n\u0131 kontrol etmek i\u00e7in kullan\u0131l\u0131r.<\/span><\/li>\n<li style=\"font-weight: 400;\" aria-level=\"3\"><b>D\u00fczenle<\/b><span style=\"font-weight: 400;\">: \u0130lan\u0131 d\u00fczenlemek i\u00e7in tekrar a\u00e7\u0131l\u0131r.<\/span><\/li>\n<li style=\"font-weight: 400;\" aria-level=\"3\"><b>Silme<\/b><span style=\"font-weight: 400;\">: \u0130lan\u0131 tamamen kald\u0131r\u0131r.<\/span><\/li>\n<li style=\"font-weight: 400;\" aria-level=\"3\"><b>Yineleme<\/b><span style=\"font-weight: 400;\">: Ayn\u0131 \u00f6zelliklerle yeni bir ilan olu\u015fturur.<\/span><\/li>\n<li style=\"font-weight: 400;\" aria-level=\"3\"><b>Onaylamak<\/b><span style=\"font-weight: 400;\">: \u0130lan\u0131 yay\u0131na al\u0131r.<\/span><\/li>\n<li style=\"font-weight: 400;\" aria-level=\"3\"><b>Onaylanmad\u0131<\/b><span style=\"font-weight: 400;\">: \u0130lan\u0131 onaydan geri \u00e7eker.<\/span><\/li>\n<\/ul>\n<\/li>\n<\/ul>\n<\/li>\n<li style=\"font-weight: 400;\" aria-level=\"1\"><b>\u0130lan\u0131 Onaylamak:<\/b>\n<ul>\n<li style=\"font-weight: 400;\" aria-level=\"2\"><span style=\"font-weight: 400;\">Kullan\u0131c\u0131, tamamlanan ilan\u0131n\u0131 <\/span><b>&#8220;Eylemler&#8221; \u2192 &#8220;Onaylamak&#8221;<\/b><span style=\"font-weight: 400;\"> se\u00e7ene\u011fini se\u00e7erek yay\u0131na alabilir.<\/span><\/li>\n<\/ul>\n<\/li>\n<\/ol>\t\t\t\t\t\t\t\t<\/div>\n\t\t\t\t<\/div>\n\t\t<div class=\"elementor-element elementor-element-86624e2 e-con-full e-flex e-con e-child\" data-id=\"86624e2\" data-element_type=\"container\" data-e-type=\"container\">\n\t\t\t\t<div class=\"elementor-element elementor-element-f307367 elementor-widget elementor-widget-button\" data-id=\"f307367\" data-element_type=\"widget\" data-e-type=\"widget\" id=\"go-back\" data-widget_type=\"button.default\">\n\t\t\t\t<div class=\"elementor-widget-container\">\n\t\t\t\t\t\t\t\t\t<div class=\"elementor-button-wrapper\">\n\t\t\t\t\t<a class=\"elementor-button elementor-size-sm\" role=\"button\">\n\t\t\t\t\t\t<span class=\"elementor-button-content-wrapper\">\n\t\t\t\t\t\t\t\t\t<span class=\"elementor-button-text\">Geri D\u00f6n<\/span>\n\t\t\t\t\t<\/span>\n\t\t\t\t\t<\/a>\n\t\t\t\t<\/div>\n\t\t\t\t\t\t\t\t<\/div>\n\t\t\t\t<\/div>\n\t\t\t\t<div class=\"elementor-element elementor-element-c1d663f elementor-widget elementor-widget-button\" data-id=\"c1d663f\" data-element_type=\"widget\" data-e-type=\"widget\" data-widget_type=\"button.default\">\n\t\t\t\t<div class=\"elementor-widget-container\">\n\t\t\t\t\t\t\t\t\t<div class=\"elementor-button-wrapper\">\n\t\t\t\t\t<a class=\"elementor-button elementor-button-link elementor-size-sm\" href=\"mailto:support@dxdglobal.com\">\n\t\t\t\t\t\t<span class=\"elementor-button-content-wrapper\">\n\t\t\t\t\t\t\t\t\t<span class=\"elementor-button-text\">DDS Destek<\/span>\n\t\t\t\t\t<\/span>\n\t\t\t\t\t<\/a>\n\t\t\t\t<\/div>\n\t\t\t\t\t\t\t\t<\/div>\n\t\t\t\t<\/div>\n\t\t\t\t<div class=\"elementor-element elementor-element-a16f7a4 elementor-widget elementor-widget-button\" data-id=\"a16f7a4\" data-element_type=\"widget\" data-e-type=\"widget\" data-widget_type=\"button.default\">\n\t\t\t\t<div class=\"elementor-widget-container\">\n\t\t\t\t\t\t\t\t\t<div class=\"elementor-button-wrapper\">\n\t\t\t\t\t<a class=\"elementor-button elementor-button-link elementor-size-sm\" href=\"https:\/\/dxdglobal.com\/\" target=\"_blank\" rel=\"noopener\">\n\t\t\t\t\t\t<span class=\"elementor-button-content-wrapper\">\n\t\t\t\t\t\t\t\t\t<span class=\"elementor-button-text\">Websitemizi Ziyaret Edin!<\/span>\n\t\t\t\t\t<\/span>\n\t\t\t\t\t<\/a>\n\t\t\t\t<\/div>\n\t\t\t\t\t\t\t\t<\/div>\n\t\t\t\t<\/div>\n\t\t\t\t<\/div>\n\t\t\t\t<div class=\"elementor-element elementor-element-7bfb1d7 elementor-widget elementor-widget-html\" data-id=\"7bfb1d7\" data-element_type=\"widget\" data-e-type=\"widget\" data-widget_type=\"html.default\">\n\t\t\t\t<div class=\"elementor-widget-container\">\n\t\t\t\t\t<script type=\"text\/javascript\">\r\n    document.addEventListener('DOMContentLoaded', function() {\r\n        document.getElementById('go-back').addEventListener('click', function(event) {\r\n            event.preventDefault();\r\n            window.history.back();\r\n        });\r\n    });\r\n<\/script>\r\n\t\t\t\t<\/div>\n\t\t\t\t<\/div>\n\t\t\t\t<div class=\"elementor-element elementor-element-e9b986d elementor-widget elementor-widget-spacer\" data-id=\"e9b986d\" data-element_type=\"widget\" data-e-type=\"widget\" data-widget_type=\"spacer.default\">\n\t\t\t\t<div class=\"elementor-widget-container\">\n\t\t\t\t\t\t\t<div class=\"elementor-spacer\">\n\t\t\t<div class=\"elementor-spacer-inner\"><\/div>\n\t\t<\/div>\n\t\t\t\t\t\t<\/div>\n\t\t\t\t<\/div>\n\t\t\t\t<\/div>\n\t\t\t\t\t<\/div>\n\t\t\t\t<\/div>\n\t\t\t\t<\/div>\n\t\t","protected":false},"excerpt":{"rendered":"<p>1. Ana Men\u00fc Panelin ana ekran\u0131nda kullan\u0131c\u0131y\u0131 \u015fu men\u00fc se\u00e7enekleri kar\u015f\u0131lar: Panel: Genel durum \u00f6zeti. Analiz: \u0130lan performans\u0131 ve istatistikler. \u0130lanlar: Mevcut ilanlar\u0131n listesi. \u0130lan Olu\u015ftur: Yeni ilan olu\u015fturma sayfas\u0131. Favoriler: Kullan\u0131c\u0131lar\u0131n favorilerine ekledikleri ilanlar. Kay\u0131tl\u0131 Aramalar: Daha \u00f6nce kaydedilmi\u015f arama kriterleri. Faturalar: \u00d6deme ve fatura bilgileri. Profilim: Kullan\u0131c\u0131 profili ve ayarlar\u0131. \u00c7\u0131k\u0131\u015f: Hesaptan \u00e7\u0131k\u0131\u015f [&hellip;]<\/p>\n","protected":false},"author":12,"featured_media":0,"parent":0,"menu_order":0,"comment_status":"closed","ping_status":"closed","template":"template\/template-homepage.php","meta":{"content-type":"","footnotes":""},"class_list":["post-17652","page","type-page","status-publish","hentry"],"_links":{"self":[{"href":"https:\/\/easyhomecy.com\/index.php\/wp-json\/wp\/v2\/pages\/17652","targetHints":{"allow":["GET"]}}],"collection":[{"href":"https:\/\/easyhomecy.com\/index.php\/wp-json\/wp\/v2\/pages"}],"about":[{"href":"https:\/\/easyhomecy.com\/index.php\/wp-json\/wp\/v2\/types\/page"}],"author":[{"embeddable":true,"href":"https:\/\/easyhomecy.com\/index.php\/wp-json\/wp\/v2\/users\/12"}],"replies":[{"embeddable":true,"href":"https:\/\/easyhomecy.com\/index.php\/wp-json\/wp\/v2\/comments?post=17652"}],"version-history":[{"count":5,"href":"https:\/\/easyhomecy.com\/index.php\/wp-json\/wp\/v2\/pages\/17652\/revisions"}],"predecessor-version":[{"id":18062,"href":"https:\/\/easyhomecy.com\/index.php\/wp-json\/wp\/v2\/pages\/17652\/revisions\/18062"}],"wp:attachment":[{"href":"https:\/\/easyhomecy.com\/index.php\/wp-json\/wp\/v2\/media?parent=17652"}],"curies":[{"name":"wp","href":"https:\/\/api.w.org\/{rel}","templated":true}]}}